{"id":446,"date":"2023-03-14T22:37:00","date_gmt":"2023-03-14T21:37:00","guid":{"rendered":"https:\/\/noemata.luc.gr\/?page_id=446"},"modified":"2023-03-14T22:37:39","modified_gmt":"2023-03-14T21:37:39","slug":"my-virtual-media-library","status":"publish","type":"page","link":"https:\/\/noemata.luc.gr\/index.php\/en\/my-virtual-media-library\/","title":{"rendered":"My virtual media library"},"content":{"rendered":"\n<h3 class=\"wp-block-heading\">Films, movies, seen screenings<\/h3>\n\n\n\n\n<!DOCTYPE NETSCAPE-Bookmark-file-1>\n<!-- This is an automatically generated file.\nIt will be read and overwritten.\nDo Not Edit! -->\n<TITLE><\/TITLE>\n<H1><\/H1>\n\n<DL><p>\n<DT><A target='_blank' href=\"https:\/\/www.imdb.com\/title\/tt17041964\/?ref_=tt_mlt_i_3\" ADD_DATE=\"1776803334801\"  TAGS=\"imdb,movie,film,seen\" PRIVATE=\"0\">Navalny (2022) - IMDb<\/A>\n<DT><A target='_blank' href=\"https:\/\/www.imdb.com\/title\/tt39150120\/?ref_=fn_t_1\" ADD_DATE=\"1776803135148\"  TAGS=\"movie,film,seen\" PRIVATE=\"0\">The AI Doc: Or How I Became an Apocaloptimist (2026) - IMDb<\/A>\n<DT><A target='_blank' href=\"https:\/\/www.imdb.com\/de\/title\/tt0347048\/\" ADD_DATE=\"1775254347453\"  TAGS=\"movie,film,seen\" PRIVATE=\"0\">Gegen die Wand (2004) - IMDb<\/A>\n<DT><A target='_blank' href=\"https:\/\/www.imdb.com\/de\/title\/tt0880502\/\" ADD_DATE=\"1775254048664\"  TAGS=\"movie,film,seen\" PRIVATE=\"0\">Auf der anderen Seite (2007) - IMDb<\/A>\n<DT><A target='_blank' href=\"https:\/\/www.imdb.com\/title\/tt0082783\/\" ADD_DATE=\"1774808883143\"  TAGS=\"movie,film,seen\" PRIVATE=\"0\">My Dinner with Andre (1981) - IMDb<\/A>\n<DT><A target='_blank' href=\"https:\/\/www.imdb.com\/title\/tt0477348\/\" ADD_DATE=\"1773557968778\"  TAGS=\"movie,film,seen\" PRIVATE=\"0\">No Country for Old Men (2007) - IMDb<\/A><DD>No Country for Old Men: Directed by Ethan Coen, Joel Coen. With Tommy Lee Jones, Javier Bardem, Josh Brolin, Woody Harrelson. Violence and mayhem ensue after a hunter stumbles upon the aftermath of a drug deal gone wrong and over two million dollars in cash near the Rio Grande.\n<DT><A target='_blank' href=\"https:\/\/www.imdb.com\/title\/tt0102536\/\" ADD_DATE=\"1767048730506\"  TAGS=\"movie,long time ago,film,seen\" PRIVATE=\"0\">Night on Earth (1991) - IMDb<\/A><DD>Night on Earth: Directed by Jim Jarmusch. With Winona Ryder, Gena Rowlands, Lisanne Falk, Alan Randolph Scott. An anthology of 5 different cab drivers in 5 American and European cities and their remarkable fares on the same eventful night.\n<DT><A target='_blank' href=\"https:\/\/www.imdb.com\/title\/tt0090563\/?ref_=nm_flmg_job_1_accord_2_cdt_t_73\" ADD_DATE=\"1767048678711\"  TAGS=\"movie,long time ago,film,seen\" PRIVATE=\"0\">Betty Blue (1986) - IMDb<\/A><DD>Betty Blue: Directed by Jean-Jacques Beineix. With Jean-Hugues Anglade, B\u00e9atrice Dalle, G\u00e9rard Darmon, Consuelo De Haviland. A lackadaisical handyman and aspiring novelist tries to support his younger girlfriend as she slowly succumbs to madness.\n<DT><A target='_blank' href=\"https:\/\/www.imdb.com\/title\/tt0117221\/\" ADD_DATE=\"1767048465226\"  TAGS=\"movie,long time ago,film,seen\" PRIVATE=\"0\">Nenette and Boni (1996) - IMDb<\/A><DD>Nenette and Boni: Directed by Claire Denis. With Gr\u00e9goire Colin, Alice Houri, Jacques Nolot, Valeria Bruni Tedeschi. A brother and sister reunite after time apart. But the sister is pregnant, which could either bring the siblings together or tear them apart.\n<DT><A target='_blank' href=\"https:\/\/www.imdb.com\/title\/tt0204700\/\" ADD_DATE=\"1767048363391\"  TAGS=\"movie,naja,film,seen\" PRIVATE=\"0\">Trouble Every Day (2001) - IMDb<\/A><DD>Trouble Every Day: Directed by Claire Denis. With Vincent Gallo, Tricia Vessey, B\u00e9atrice Dalle, Alex Descas. Two American newlyweds in Paris experience a love so strong, it almost devours them.\n<DT><A target='_blank' href=\"https:\/\/www.imdb.com\/title\/tt32150119\/\" ADD_DATE=\"1765392853428\"  TAGS=\"movie,film,seen\" PRIVATE=\"0\">The Thinking Game (2024) - IMDb<\/A><DD>The Thinking Game: Directed by Greg Kohs. With Demis Hassabis, Eleanor Maguire, Shane Legg, David Gardner. Chronicles visionary scientist Demis Hassabis' relentless pursuit to crack artificial general intelligence, a journey of extraordinary perseverance.\n<DT><A target='_blank' href=\"https:\/\/www.imdb.com\/title\/tt9573150\/\" ADD_DATE=\"1762550250801\"  TAGS=\"movie,film,seen\" PRIVATE=\"0\">Occupied City (2023) - IMDb<\/A><DD>Occupied City: Directed by Steve McQueen. With Melanie Hyams, Queen M\u00e1xima of the Netherlands, King Willem-Alexander, Peter R. de Vries. The past collides with the present in this excavation of the Nazi occupation of Amsterdam: a journey from World War II to recent years of pandemic and protest and a provocative, life-affirming reflection on memory, time and what's to come.\n<DT><A target='_blank' href=\"https:\/\/www.youtube.com\/watch?v=5uQopUq4DeM\" ADD_DATE=\"1762205610358\"  TAGS=\"chatbot,movie,film,artificial intelligence AI,seen\" PRIVATE=\"0\">Madagaskar: Die kleinen Helfer der KI | ARTE Reportage - YouTube<\/A><DD>Hinter den Meisterleistungen der k\u00fcnstlichen Intelligenz steht eine f\u00fcr die User unsichtbare menschliche Armee, etwa in Madagaskar: Dort klicken jeden Tag fast 100.000 Menschen, um die Algorithmen der digitalen Giganten der Welt zu trainieren. \n\nBezahlt f\u00fcr ein paar Cent, manche ohne Vertrag oder sozialen Schutz, f\u00fcttern sie von Antananarivo aus die KIs von Google, Amazon oder ChatGPT: David, Vater von drei Kindern, erledigt das in seinem Wohnzimmer, in einer Pause zwischen den Schichten seines Imbisses in der Nachbarschaft. Elina, 25 Jahre alt, geh\u00f6rt zu den wenigen, die einen Arbeitsvertrag und ein modernes B\u00fcro bei einem \u00f6rtlichen Unternehmen haben. Dani hingegen arbeitet ganz allein. Um Zugang zu den in seinem Land verbotenen Plattformen zu erhalten, musste er ein ausl\u00e4ndisches Konto einrichten. Viel verdient er dabei nicht, aber er tr\u00e4umt von Unabh\u00e4ngigkeit und einem Haus f\u00fcr seine Familie. Ein Blick hinter die unbekannten Kulissen der k\u00fcnstlichen Intelligenz, zwischen \u00dcberleben, Durchwursteln und Innovationen in einem Land, das zur Klickfabrik wurde und einer Art Zukunftslabor.\n<DT><A target='_blank' href=\"https:\/\/www.youtube.com\/watch?v=Ta-BJhrRJxs\" ADD_DATE=\"1762205544921\"  TAGS=\"chatbot,movie,film,artificial intelligence AI,seen\" PRIVATE=\"0\">Der digitale Tsunami | Doku HD | ARTE - YouTube<\/A><DD>Wie ver\u00e4ndert sich unsere Welt, wenn KI Entscheidungen \u00fcber Leben und Tod trifft, Maschinen uns beraten und Kinder mit Bildschirmen gro\u00df werden? Der Dokumentarfilm zeigt die Umbr\u00fcche der digitalen Revolution \u2013 mit all ihren gesellschaftlichen, psychologischen und politischen Konsequenzen.\n\nDie Forschung belegt deutlich die psychologischen Folgen von Social Media, insbesondere bei Jugendlichen: Sucht, Angstzust\u00e4nde, depressive Symptome \u2013 ausgel\u00f6st durch Plattformen, die mit Dopaminkicks operieren. Doch dies ist nur ein Aspekt der strukturellen Macht der gro\u00dfen Technologiekonzerne, die sich der demokratischen Kontrolle entziehen und mit Algorithmen bestimmen, was wir wissen, glauben \u2013 und kaufen.\nDazu kommt in den letzten Jahren der Einfluss von KI auf politische Prozesse, von Wahlen bis hin zur gezielten Desinformation durch Deepfakes. \u201eDer digitale Tsunami\u201c zeigt die realen Gefahren durch Gesichtserkennung, autonome Waffensysteme und staatliche \u00dcberwachung auf. Mit Stimmen von Forschenden wie Sherry Turkle und Yoshua Bengio warnt der Dokumentarfilm vor Kontrollverlust, Desinformation \u2013 und stellt die zentrale Frage: Beherrschen wir die Technologie oder sie uns?\n\u201eDas Medium ist die Botschaft\u201c ist das ber\u00fchmteste Zitat des kanadischen Philosophen und Medientheoretikers Marshall McLuhan, der bereits in den 60er Jahren des vergangenen Jahrhunderts voraussah, wie tiefgreifend elektronische Medien unsere Wahrnehmung und die Gesellschaft ver\u00e4ndern k\u00f6nnen. Nicht der Inhalt eines Mediums ist entscheidend, sondern das Medium selbst pr\u00e4gt, wie wir denken, f\u00fchlen und handeln.\nMcLuhans Erkenntnisse und Voraussagen sind auch in der heutigen Medienwelt noch relevant \u2013 und mit der K\u00fcnstlichen Intelligenz hat sich die Menschheit ein Werkzeug geschaffen, das sich m\u00f6glicherweise gegen sie wenden k\u00f6nnte.\n\nDokumentarfilm (D\/CDN\/USA 2024, 84 Min)\n<DT><A target='_blank' href=\"https:\/\/www.imdb.com\/title\/tt0078728\/\" ADD_DATE=\"1762030157383\"  TAGS=\"movie,bad,film,seen\" PRIVATE=\"0\">Hollywood 90028 (1973) - IMDb<\/A><DD>Hollywood 90028: Directed by Christina Hornisher. With Christopher Augustine, Jeannette Dilger, Dick Glass, Gayle Davis. A struggling photographer takes a job in the porn industry. Unable to handle the degradation, he begins murdering young women to vent his frustrations.\n<DT><A target='_blank' href=\"https:\/\/www.imdb.com\/title\/tt31711040\/\" ADD_DATE=\"1759074942000\"  TAGS=\"movie,film,seen\" PRIVATE=\"0\">Look Back (2024) - IMDb<\/A><DD>Look Back: Directed by Kiyotaka Oshiyama. With Yumi Kawai, Mizuki Yoshida, Y\u00f4ichir\u00f4 Sait\u00f4, K\u00f4ta Oka. The overly confident Fujino and the shut-in Kyomoto couldn't be more different, but a love of drawing manga brings these two small-town girls together.\n<DT><A target='_blank' href=\"https:\/\/www.imdb.com\/title\/tt36364208\" ADD_DATE=\"1758488545099\"  TAGS=\"movie,film,LFF,seen\" PRIVATE=\"0\">Yakushima's Illusion (2025) - IMDb<\/A><DD>Yakushima's Illusion: Directed by Naomi Kawase. With Kanichiro, Vicky Krieps, Kan'ichir\u00f4 Sat\u00f4. A French transplant coordinator in Japan works to save a boy's life while searching for her missing partner, who becomes one of the country's thousands of annual 'Johatsu' - people who vanish without trace.\n<DT><A target='_blank' href=\"https:\/\/www.imdb.com\/title\/tt0370986\" ADD_DATE=\"1758488408014\"  TAGS=\"movie,film,seen\" PRIVATE=\"0\">Mysterious Skin (2004) - IMDb<\/A><DD>Mysterious Skin: Directed by Gregg Araki. With Chase Ellison, George Webster, Rachael Nastassja Kraft, Lisa Long. Two pre-adolescent boys both experienced a strange event and later it affects their lives in different ways. One becomes a reckless, sexually adventurous prostitute, while the other retreats into a reclusive fantasy of alien abduction.\n<DT><A target='_blank' href=\"https:\/\/www.imdb.com\/title\/tt33246838\/\" ADD_DATE=\"1758487867236\"  TAGS=\"movie,Japan,film,seen\" PRIVATE=\"0\">Super Happy Forever (2024) - IMDb<\/A><DD>Super Happy Forever: Directed by Kohei Igarashi. With Yoshinori Miyata, Hoang Nh Quynh, Hiroki Sano, Nairu Yamamoto. August 19, 2023. Childhood friends Sano and Miyata visit a resort hotel in Izu, searching for a lost red hat while revisiting places where Sano first met and fell in love with his late wife Nagi five years prior.\n<DT><A target='_blank' href=\"https:\/\/www.imdb.com\/title\/tt4265878\/\" ADD_DATE=\"1758055017870\"  TAGS=\"movie,film,seen\" PRIVATE=\"0\">Dora or The Sexual Neuroses of Our Parents (2015) - IMDb<\/A><DD>Dora or The Sexual Neuroses of Our Parents: Directed by Stina Werenfels. With Victoria Schulz, Jenny Schily, Lars Eidinger, Urs Jucker. When her mother decides to stop administering medication to her mentally challenged daughter, 18-year-old Dora awakes, as if from a deep sleep. Dora discovers her body, her sensuality and finally, sex, too.\n<\/DL><p>\n\n\n\n\n<h2 class=\"wp-block-heading\">Reading, literature, read books<\/h2>\n\n\n\n<div id=\"wf499c905d0e4f8c7e62c27b296ded690\"><\/div>\r\n<script type=\"text\/javascript\" charset=\"UTF-8\" src=\"https:\/\/www.librarything.com\/widget_get.php?userid=strahlenroboter&theID=wf499c905d0e4f8c7e62c27b296ded690\"><\/script>\r\n<noscript>\r\n\t<a href=\"https:\/\/www.librarything.com\/profile\/strahlenroboter\">My Library<\/a> at <a href=\"https:\/\/www.librarything.com\">LibraryThing<\/a><\/noscript>\r\n\n\n\n\n<div style=\"height:50px\" aria-hidden=\"true\" class=\"wp-block-spacer\"><\/div>\n","protected":false},"excerpt":{"rendered":"<p>Films, movies, seen screenings Reading, literature, read books<\/p>\n","protected":false},"author":1,"featured_media":0,"parent":0,"menu_order":0,"comment_status":"closed","ping_status":"closed","template":"","meta":{"neve_meta_sidebar":"","neve_meta_container":"","neve_meta_enable_content_width":"","neve_meta_content_width":0,"neve_meta_title_alignment":"","neve_meta_author_avatar":"","neve_post_elements_order":"","neve_meta_disable_header":"","neve_meta_disable_footer":"","neve_meta_disable_title":"","footnotes":""},"class_list":["post-446","page","type-page","status-publish","hentry"],"_links":{"self":[{"href":"https:\/\/noemata.luc.gr\/index.php\/wp-json\/wp\/v2\/pages\/446","targetHints":{"allow":["GET"]}}],"collection":[{"href":"https:\/\/noemata.luc.gr\/index.php\/wp-json\/wp\/v2\/pages"}],"about":[{"href":"https:\/\/noemata.luc.gr\/index.php\/wp-json\/wp\/v2\/types\/page"}],"author":[{"embeddable":true,"href":"https:\/\/noemata.luc.gr\/index.php\/wp-json\/wp\/v2\/users\/1"}],"replies":[{"embeddable":true,"href":"https:\/\/noemata.luc.gr\/index.php\/wp-json\/wp\/v2\/comments?post=446"}],"version-history":[{"count":3,"href":"https:\/\/noemata.luc.gr\/index.php\/wp-json\/wp\/v2\/pages\/446\/revisions"}],"predecessor-version":[{"id":449,"href":"https:\/\/noemata.luc.gr\/index.php\/wp-json\/wp\/v2\/pages\/446\/revisions\/449"}],"wp:attachment":[{"href":"https:\/\/noemata.luc.gr\/index.php\/wp-json\/wp\/v2\/media?parent=446"}],"curies":[{"name":"wp","href":"https:\/\/api.w.org\/{rel}","templated":true}]}}